{"id":2009,"date":"2023-12-06T16:09:14","date_gmt":"2023-12-06T21:09:14","guid":{"rendered":"https:\/\/cintech.ca\/board-of-directors\/"},"modified":"2025-08-21T07:59:31","modified_gmt":"2025-08-21T11:59:31","slug":"board-of-directors","status":"publish","type":"page","link":"https:\/\/cintech.ca\/en\/board-of-directors\/","title":{"rendered":"Board of directors"},"content":{"rendered":"<p><div class=\"fusion-fullwidth fullwidth-box fusion-builder-row-1 fusion-flex-container has-pattern-background has-mask-background fusion-parallax-none nonhundred-percent-fullwidth non-hundred-percent-height-scrolling\" style=\"--awb-background-position:left top;--awb-border-radius-top-left:0px;--awb-border-radius-top-right:0px;--awb-border-radius-bottom-right:0px;--awb-border-radius-bottom-left:0px;--awb-padding-top:300px;--awb-padding-bottom:125px;--awb-background-image:url(&quot;https:\/\/cintech.ca\/wp-content\/uploads\/2023\/12\/Banniere-CA_RD.png&quot;);--awb-background-size:cover;--awb-flex-wrap:wrap;\" ><div class=\"awb-background-pattern\" style=\"background-image:  url();opacity: 1 ;background-size:50%;mix-blend-mode:normal;\"><\/div><div class=\"awb-background-mask\" style=\"background-image:  url();opacity: 1 ;transform: scale(1, 1);mix-blend-mode:normal;\"><\/div><div class=\"fusion-builder-row fusion-row fusion-flex-align-items-center fusion-flex-content-wrap\" style=\"max-width:1248px;margin-left: calc(-4% \/ 2 );margin-right: calc(-4% \/ 2 );\"><div class=\"fusion-layout-column fusion_builder_column fusion-builder-column-0 fusion_builder_column_1_1 1_1 fusion-flex-column fusion-flex-align-self-center\" style=\"--awb-bg-size:cover;--awb-width-large:100%;--awb-margin-top-large:0px;--awb-spacing-right-large:1.92%;--awb-margin-bottom-large:0px;--awb-spacing-left-large:1.92%;--awb-width-medium:100%;--awb-order-medium:0;--awb-spacing-right-medium:1.92%;--awb-spacing-left-medium:1.92%;--awb-width-small:100%;--awb-order-small:0;--awb-spacing-right-small:1.92%;--awb-spacing-left-small:1.92%;\" data-scroll-devices=\"small-visibility,medium-visibility,large-visibility\"><div class=\"fusion-column-wrapper fusion-column-has-shadow fusion-flex-justify-content-flex-start fusion-content-layout-column\"><div class=\"fusion-title title fusion-title-1 fusion-sep-none fusion-title-center fusion-title-text fusion-title-size-one\" style=\"--awb-text-color:var(--awb-color1);--awb-margin-top-small:10px;--awb-margin-right-small:0px;--awb-margin-bottom-small:10px;--awb-margin-left-small:0px;\"><h1 class=\"fusion-title-heading title-heading-center fusion-responsive-typography-calculated\" style=\"margin:0;text-transform:uppercase;--fontSize:40;line-height:var(--awb-typography1-line-height);\">Board of directors<\/h1><\/div><div class=\"fusion-separator\" style=\"align-self: center;margin-left: auto;margin-right: auto;width:100%;max-width:20px;\"><div class=\"fusion-separator-border sep-single sep-solid\" style=\"--awb-height:20px;--awb-amount:20px;--awb-sep-color:var(--awb-color5);border-color:var(--awb-color5);border-top-width:8px;\"><\/div><\/div><\/div><\/div><\/div><\/div><div class=\"fusion-fullwidth fullwidth-box fusion-builder-row-2 fusion-flex-container has-pattern-background has-mask-background nonhundred-percent-fullwidth non-hundred-percent-height-scrolling\" style=\"--awb-border-radius-top-left:0px;--awb-border-radius-top-right:0px;--awb-border-radius-bottom-right:0px;--awb-border-radius-bottom-left:0px;--awb-margin-top:50px;--awb-flex-wrap:wrap;\" ><div class=\"fusion-builder-row fusion-row fusion-flex-align-items-flex-start fusion-flex-content-wrap\" style=\"max-width:1248px;margin-left: calc(-4% \/ 2 );margin-right: calc(-4% \/ 2 );\"><div class=\"fusion-layout-column fusion_builder_column fusion-builder-column-1 fusion_builder_column_1_1 1_1 fusion-flex-column\" style=\"--awb-bg-size:cover;--awb-width-large:100%;--awb-margin-top-large:0px;--awb-spacing-right-large:1.92%;--awb-margin-bottom-large:20px;--awb-spacing-left-large:1.92%;--awb-width-medium:100%;--awb-order-medium:0;--awb-spacing-right-medium:1.92%;--awb-spacing-left-medium:1.92%;--awb-width-small:100%;--awb-order-small:0;--awb-spacing-right-small:1.92%;--awb-spacing-left-small:1.92%;\"><div class=\"fusion-column-wrapper fusion-column-has-shadow fusion-flex-justify-content-flex-start fusion-content-layout-column\"><div class=\"fusion-text fusion-text-1\" style=\"--awb-content-alignment:center;\"><p><u><strong>DIRECTORS OFFICERS<\/strong><\/u><\/p>\n<p><strong>Chairman :<\/strong><\/p>\n<p><em>Election at next Board meeting<\/em><\/p>\n<p><strong>Vice-President:<\/strong><\/p>\n<p>SIMON LACHARIT\u00c9<br \/>\nSenior Account Manager, Financing (major accounts) &#8211; <strong>Investissement Qu\u00e9bec<\/strong><br \/>\n&#8211; Member of the firm<\/p>\n<p><strong>Secretary:<\/strong><\/p>\n<p>DOMINIQUE CHAUSS\u00c9<br \/>\nPresident &#8211; <strong>Gestion Colitar inc.<\/strong><br \/>\n&#8211; Co-opted member<\/p>\n<p><strong>Treasurer:<\/strong><br \/>\nFANIE-CLAUDE BRIEN<br \/>\nGeneral Manager &#8211; <strong>C\u00e9gep de Saint-Hyacinthe<\/strong><br \/>\n&#8211; Institutional member<\/p>\n<p><u><strong>DIRECTORS <\/strong><\/u><\/p>\n<p>KARINE MERCIER<br \/>\nGeneral Manager &#8211; <strong>ITAQ &#8211; Institut de technologie agroalimentaire du Qu\u00e9bec<\/strong><br \/>\n&#8211; Institutional member<\/p>\n<p>MANUEL VAILLANCOURT<br \/>\nSenior Relationship Manager &#8211; <strong>FCC &#8211; Financement Agricole Canada<\/strong><br \/>\n&#8211; Member of the Company<\/p>\n<p>JEAN-FRANCOIS FONTAINE<br \/>\nVice-Chairman &#8211;<strong> Groupe JEFO<\/strong><br \/>\n&#8211; Corporate member<\/p>\n<p>MARIZA GATTUSO<br \/>\nInnovation Director &#8211; <strong>Groupe JEFO<\/strong><br \/>\n&#8211; Regular member<\/p>\n<p>MYRIAM BARIL<br \/>\nR&amp;D Manager &#8211; <strong>Fruit D&#8217;Or Inc.<\/strong><br \/>\n&#8211; Regular member<\/p>\n<p>CHRISTIAN MALENFANT<br \/>\nConsultant<br \/>\n&#8211; Regular member<\/p>\n<p>\u00c9DOUARD ADES<br \/>\nVice President Supply Chain &#8211; <strong>Nature&#8217;s Touch<\/strong><br \/>\n&#8211; Regular member<\/p>\n<p>SYLVIE JENNEAU<br \/>\nMarketing Director, Retail Division &#8211; <strong>Groupe St-Hubert inc.<\/strong><br \/>\n&#8211; Regular member<\/p>\n<\/div><\/div><\/div><\/div><\/div><div class=\"fusion-fullwidth fullwidth-box fusion-builder-row-3 fusion-flex-container has-pattern-background has-mask-background hundred-percent-fullwidth non-hundred-percent-height-scrolling\" style=\"--awb-border-radius-top-left:0px;--awb-border-radius-top-right:0px;--awb-border-radius-bottom-right:0px;--awb-border-radius-bottom-left:0px;--awb-padding-top:50px;--awb-padding-bottom:50px;--awb-flex-wrap:wrap;\" ><div class=\"fusion-builder-row fusion-row fusion-flex-align-items-flex-start fusion-flex-content-wrap\" style=\"width:104% !important;max-width:104% !important;margin-left: calc(-4% \/ 2 );margin-right: calc(-4% \/ 2 );\"><div class=\"fusion-layout-column fusion_builder_column fusion-builder-column-2 fusion_builder_column_1_1 1_1 fusion-flex-column\" style=\"--awb-bg-size:cover;--awb-width-large:100%;--awb-margin-top-large:0px;--awb-spacing-right-large:1.92%;--awb-margin-bottom-large:20px;--awb-spacing-left-large:1.92%;--awb-width-medium:100%;--awb-order-medium:0;--awb-spacing-right-medium:1.92%;--awb-spacing-left-medium:1.92%;--awb-width-small:100%;--awb-order-small:0;--awb-spacing-right-small:1.92%;--awb-spacing-left-small:1.92%;\"><div class=\"fusion-column-wrapper fusion-column-has-shadow fusion-flex-justify-content-flex-start fusion-content-layout-column\"><nav class=\"fusion-breadcrumbs awb-yoast-breadcrumbs fusion-breadcrumbs-1\" style=\"--awb-font-size:12px;--awb-breadcrumb-sep:&#039;\/&#039;;\" aria-label=\"Breadcrumb\"><span><span><a href=\"https:\/\/cintech.ca\/en\/home\/\">Accueil<\/a><\/span><\/span><\/nav><\/div><\/div><\/div><\/div><\/p>\n","protected":false},"excerpt":{"rendered":"","protected":false},"author":1,"featured_media":0,"parent":0,"menu_order":0,"comment_status":"closed","ping_status":"closed","template":"100-width.php","meta":{"footnotes":""},"class_list":["post-2009","page","type-page","status-publish","hentry"],"yoast_head":"<!-- This site is optimized with the Yoast SEO Premium plugin v27.4 (Yoast SEO v27.4) - https:\/\/yoast.com\/product\/yoast-seo-premium-wordpress\/ -->\n<title>Board of directors - Cintech<\/title>\n<meta name=\"description\" content=\"Cintech directors and their positive impact on management and innovation\" \/>\n<meta name=\"robots\" content=\"index, follow, max-snippet:-1, max-image-preview:large, max-video-preview:-1\" \/>\n<link rel=\"canonical\" href=\"https:\/\/cintech.ca\/en\/board-of-directors\/\" \/>\n<meta property=\"og:locale\" content=\"en_US\" \/>\n<meta property=\"og:type\" content=\"article\" \/>\n<meta property=\"og:title\" content=\"Board of directors\" \/>\n<meta property=\"og:description\" content=\"Cintech directors and their positive impact on management and innovation\" \/>\n<meta property=\"og:url\" content=\"https:\/\/cintech.ca\/en\/board-of-directors\/\" \/>\n<meta property=\"og:site_name\" content=\"Cintech\" \/>\n<meta property=\"article:modified_time\" content=\"2025-08-21T11:59:31+00:00\" \/>\n<meta name=\"twitter:card\" content=\"summary_large_image\" \/>\n<meta name=\"twitter:label1\" content=\"Est. reading time\" \/>\n\t<meta name=\"twitter:data1\" content=\"23 minutes\" \/>\n<script type=\"application\/ld+json\" class=\"yoast-schema-graph\">{\"@context\":\"https:\\\/\\\/schema.org\",\"@graph\":[{\"@type\":\"WebPage\",\"@id\":\"https:\\\/\\\/cintech.ca\\\/en\\\/board-of-directors\\\/\",\"url\":\"https:\\\/\\\/cintech.ca\\\/en\\\/board-of-directors\\\/\",\"name\":\"Board of directors - Cintech\",\"isPartOf\":{\"@id\":\"https:\\\/\\\/cintech.ca\\\/en\\\/#website\"},\"datePublished\":\"2023-12-06T21:09:14+00:00\",\"dateModified\":\"2025-08-21T11:59:31+00:00\",\"description\":\"Cintech directors and their positive impact on management and innovation\",\"breadcrumb\":{\"@id\":\"https:\\\/\\\/cintech.ca\\\/en\\\/board-of-directors\\\/#breadcrumb\"},\"inLanguage\":\"en-US\",\"potentialAction\":[{\"@type\":\"ReadAction\",\"target\":[\"https:\\\/\\\/cintech.ca\\\/en\\\/board-of-directors\\\/\"]}]},{\"@type\":\"BreadcrumbList\",\"@id\":\"https:\\\/\\\/cintech.ca\\\/en\\\/board-of-directors\\\/#breadcrumb\",\"itemListElement\":[{\"@type\":\"ListItem\",\"position\":1,\"name\":\"Accueil\",\"item\":\"https:\\\/\\\/cintech.ca\\\/en\\\/home\\\/\"},{\"@type\":\"ListItem\",\"position\":2,\"name\":\"Board of directors\"}]},{\"@type\":\"WebSite\",\"@id\":\"https:\\\/\\\/cintech.ca\\\/en\\\/#website\",\"url\":\"https:\\\/\\\/cintech.ca\\\/en\\\/\",\"name\":\"Cintech\",\"description\":\"G\u00e9n\u00e9rateur de progr\u00e8s\",\"publisher\":{\"@id\":\"https:\\\/\\\/cintech.ca\\\/en\\\/#organization\"},\"potentialAction\":[{\"@type\":\"SearchAction\",\"target\":{\"@type\":\"EntryPoint\",\"urlTemplate\":\"https:\\\/\\\/cintech.ca\\\/en\\\/?s={search_term_string}\"},\"query-input\":{\"@type\":\"PropertyValueSpecification\",\"valueRequired\":true,\"valueName\":\"search_term_string\"}}],\"inLanguage\":\"en-US\"},{\"@type\":[\"Organization\",\"Place\"],\"@id\":\"https:\\\/\\\/cintech.ca\\\/en\\\/#organization\",\"name\":\"Cintech\",\"url\":\"https:\\\/\\\/cintech.ca\\\/en\\\/\",\"logo\":{\"@id\":\"https:\\\/\\\/cintech.ca\\\/en\\\/board-of-directors\\\/#local-main-organization-logo\"},\"image\":{\"@id\":\"https:\\\/\\\/cintech.ca\\\/en\\\/board-of-directors\\\/#local-main-organization-logo\"},\"sameAs\":[\"https:\\\/\\\/www.linkedin.com\\\/company\\\/cintech-agroalimentaire\"],\"telephone\":[],\"openingHoursSpecification\":[{\"@type\":\"OpeningHoursSpecification\",\"dayOfWeek\":[\"Monday\",\"Tuesday\",\"Wednesday\",\"Thursday\",\"Friday\",\"Saturday\",\"Sunday\"],\"opens\":\"09:00\",\"closes\":\"17:00\"}]},{\"@type\":\"ImageObject\",\"inLanguage\":\"en-US\",\"@id\":\"https:\\\/\\\/cintech.ca\\\/en\\\/board-of-directors\\\/#local-main-organization-logo\",\"url\":\"\",\"contentUrl\":\"\",\"caption\":\"Cintech\"}]}<\/script>\n<!-- \/ Yoast SEO Premium plugin. -->","yoast_head_json":{"title":"Board of directors - Cintech","description":"Cintech directors and their positive impact on management and innovation","robots":{"index":"index","follow":"follow","max-snippet":"max-snippet:-1","max-image-preview":"max-image-preview:large","max-video-preview":"max-video-preview:-1"},"canonical":"https:\/\/cintech.ca\/en\/board-of-directors\/","og_locale":"en_US","og_type":"article","og_title":"Board of directors","og_description":"Cintech directors and their positive impact on management and innovation","og_url":"https:\/\/cintech.ca\/en\/board-of-directors\/","og_site_name":"Cintech","article_modified_time":"2025-08-21T11:59:31+00:00","twitter_card":"summary_large_image","twitter_misc":{"Est. reading time":"23 minutes"},"schema":{"@context":"https:\/\/schema.org","@graph":[{"@type":"WebPage","@id":"https:\/\/cintech.ca\/en\/board-of-directors\/","url":"https:\/\/cintech.ca\/en\/board-of-directors\/","name":"Board of directors - Cintech","isPartOf":{"@id":"https:\/\/cintech.ca\/en\/#website"},"datePublished":"2023-12-06T21:09:14+00:00","dateModified":"2025-08-21T11:59:31+00:00","description":"Cintech directors and their positive impact on management and innovation","breadcrumb":{"@id":"https:\/\/cintech.ca\/en\/board-of-directors\/#breadcrumb"},"inLanguage":"en-US","potentialAction":[{"@type":"ReadAction","target":["https:\/\/cintech.ca\/en\/board-of-directors\/"]}]},{"@type":"BreadcrumbList","@id":"https:\/\/cintech.ca\/en\/board-of-directors\/#breadcrumb","itemListElement":[{"@type":"ListItem","position":1,"name":"Accueil","item":"https:\/\/cintech.ca\/en\/home\/"},{"@type":"ListItem","position":2,"name":"Board of directors"}]},{"@type":"WebSite","@id":"https:\/\/cintech.ca\/en\/#website","url":"https:\/\/cintech.ca\/en\/","name":"Cintech","description":"G\u00e9n\u00e9rateur de progr\u00e8s","publisher":{"@id":"https:\/\/cintech.ca\/en\/#organization"},"potentialAction":[{"@type":"SearchAction","target":{"@type":"EntryPoint","urlTemplate":"https:\/\/cintech.ca\/en\/?s={search_term_string}"},"query-input":{"@type":"PropertyValueSpecification","valueRequired":true,"valueName":"search_term_string"}}],"inLanguage":"en-US"},{"@type":["Organization","Place"],"@id":"https:\/\/cintech.ca\/en\/#organization","name":"Cintech","url":"https:\/\/cintech.ca\/en\/","logo":{"@id":"https:\/\/cintech.ca\/en\/board-of-directors\/#local-main-organization-logo"},"image":{"@id":"https:\/\/cintech.ca\/en\/board-of-directors\/#local-main-organization-logo"},"sameAs":["https:\/\/www.linkedin.com\/company\/cintech-agroalimentaire"],"telephone":[],"openingHoursSpecification":[{"@type":"OpeningHoursSpecification","dayOfWeek":["Monday","Tuesday","Wednesday","Thursday","Friday","Saturday","Sunday"],"opens":"09:00","closes":"17:00"}]},{"@type":"ImageObject","inLanguage":"en-US","@id":"https:\/\/cintech.ca\/en\/board-of-directors\/#local-main-organization-logo","url":"","contentUrl":"","caption":"Cintech"}]}},"_links":{"self":[{"href":"https:\/\/cintech.ca\/en\/wp-json\/wp\/v2\/pages\/2009","targetHints":{"allow":["GET"]}}],"collection":[{"href":"https:\/\/cintech.ca\/en\/wp-json\/wp\/v2\/pages"}],"about":[{"href":"https:\/\/cintech.ca\/en\/wp-json\/wp\/v2\/types\/page"}],"author":[{"embeddable":true,"href":"https:\/\/cintech.ca\/en\/wp-json\/wp\/v2\/users\/1"}],"replies":[{"embeddable":true,"href":"https:\/\/cintech.ca\/en\/wp-json\/wp\/v2\/comments?post=2009"}],"version-history":[{"count":6,"href":"https:\/\/cintech.ca\/en\/wp-json\/wp\/v2\/pages\/2009\/revisions"}],"predecessor-version":[{"id":3439,"href":"https:\/\/cintech.ca\/en\/wp-json\/wp\/v2\/pages\/2009\/revisions\/3439"}],"wp:attachment":[{"href":"https:\/\/cintech.ca\/en\/wp-json\/wp\/v2\/media?parent=2009"}],"curies":[{"name":"wp","href":"https:\/\/api.w.org\/{rel}","templated":true}]}}