{"id":2057,"date":"2023-11-23T14:45:16","date_gmt":"2023-11-23T19:45:16","guid":{"rendered":"https:\/\/cintech.ca\/our-solutions\/"},"modified":"2023-11-23T14:45:16","modified_gmt":"2023-11-23T19:45:16","slug":"our-solutions","status":"publish","type":"page","link":"https:\/\/cintech.ca\/en\/our-solutions\/","title":{"rendered":"Our solutions"},"content":{"rendered":"","protected":false},"excerpt":{"rendered":"","protected":false},"author":1,"featured_media":0,"parent":0,"menu_order":0,"comment_status":"closed","ping_status":"closed","template":"100-width.php","meta":{"footnotes":""},"class_list":["post-2057","page","type-page","status-publish","hentry"],"yoast_head":"<!-- This site is optimized with the Yoast SEO Premium plugin v27.4 (Yoast SEO v27.4) - https:\/\/yoast.com\/product\/yoast-seo-premium-wordpress\/ -->\n<title>Our solutions - Cintech<\/title>\n<meta name=\"robots\" content=\"index, follow, max-snippet:-1, max-image-preview:large, max-video-preview:-1\" \/>\n<link rel=\"canonical\" href=\"https:\/\/cintech.ca\/en\/our-solutions\/\" \/>\n<meta property=\"og:locale\" content=\"en_US\" \/>\n<meta property=\"og:type\" content=\"article\" \/>\n<meta property=\"og:title\" content=\"Our solutions\" \/>\n<meta property=\"og:url\" content=\"https:\/\/cintech.ca\/en\/our-solutions\/\" \/>\n<meta property=\"og:site_name\" content=\"Cintech\" \/>\n<meta name=\"twitter:card\" content=\"summary_large_image\" \/>\n<script type=\"application\/ld+json\" class=\"yoast-schema-graph\">{\"@context\":\"https:\\\/\\\/schema.org\",\"@graph\":[{\"@type\":\"WebPage\",\"@id\":\"https:\\\/\\\/cintech.ca\\\/en\\\/our-solutions\\\/\",\"url\":\"https:\\\/\\\/cintech.ca\\\/en\\\/our-solutions\\\/\",\"name\":\"Our solutions - Cintech\",\"isPartOf\":{\"@id\":\"https:\\\/\\\/cintech.ca\\\/en\\\/#website\"},\"datePublished\":\"2023-11-23T19:45:16+00:00\",\"breadcrumb\":{\"@id\":\"https:\\\/\\\/cintech.ca\\\/en\\\/our-solutions\\\/#breadcrumb\"},\"inLanguage\":\"en-US\",\"potentialAction\":[{\"@type\":\"ReadAction\",\"target\":[\"https:\\\/\\\/cintech.ca\\\/en\\\/our-solutions\\\/\"]}]},{\"@type\":\"BreadcrumbList\",\"@id\":\"https:\\\/\\\/cintech.ca\\\/en\\\/our-solutions\\\/#breadcrumb\",\"itemListElement\":[{\"@type\":\"ListItem\",\"position\":1,\"name\":\"Accueil\",\"item\":\"https:\\\/\\\/cintech.ca\\\/en\\\/home\\\/\"},{\"@type\":\"ListItem\",\"position\":2,\"name\":\"Our solutions\"}]},{\"@type\":\"WebSite\",\"@id\":\"https:\\\/\\\/cintech.ca\\\/en\\\/#website\",\"url\":\"https:\\\/\\\/cintech.ca\\\/en\\\/\",\"name\":\"Cintech\",\"description\":\"G\u00e9n\u00e9rateur de progr\u00e8s\",\"publisher\":{\"@id\":\"https:\\\/\\\/cintech.ca\\\/en\\\/#organization\"},\"potentialAction\":[{\"@type\":\"SearchAction\",\"target\":{\"@type\":\"EntryPoint\",\"urlTemplate\":\"https:\\\/\\\/cintech.ca\\\/en\\\/?s={search_term_string}\"},\"query-input\":{\"@type\":\"PropertyValueSpecification\",\"valueRequired\":true,\"valueName\":\"search_term_string\"}}],\"inLanguage\":\"en-US\"},{\"@type\":[\"Organization\",\"Place\"],\"@id\":\"https:\\\/\\\/cintech.ca\\\/en\\\/#organization\",\"name\":\"Cintech\",\"url\":\"https:\\\/\\\/cintech.ca\\\/en\\\/\",\"logo\":{\"@id\":\"https:\\\/\\\/cintech.ca\\\/en\\\/our-solutions\\\/#local-main-organization-logo\"},\"image\":{\"@id\":\"https:\\\/\\\/cintech.ca\\\/en\\\/our-solutions\\\/#local-main-organization-logo\"},\"sameAs\":[\"https:\\\/\\\/www.linkedin.com\\\/company\\\/cintech-agroalimentaire\"],\"telephone\":[],\"openingHoursSpecification\":[{\"@type\":\"OpeningHoursSpecification\",\"dayOfWeek\":[\"Monday\",\"Tuesday\",\"Wednesday\",\"Thursday\",\"Friday\",\"Saturday\",\"Sunday\"],\"opens\":\"09:00\",\"closes\":\"17:00\"}]},{\"@type\":\"ImageObject\",\"inLanguage\":\"en-US\",\"@id\":\"https:\\\/\\\/cintech.ca\\\/en\\\/our-solutions\\\/#local-main-organization-logo\",\"url\":\"\",\"contentUrl\":\"\",\"caption\":\"Cintech\"}]}<\/script>\n<!-- \/ Yoast SEO Premium plugin. -->","yoast_head_json":{"title":"Our solutions - Cintech","robots":{"index":"index","follow":"follow","max-snippet":"max-snippet:-1","max-image-preview":"max-image-preview:large","max-video-preview":"max-video-preview:-1"},"canonical":"https:\/\/cintech.ca\/en\/our-solutions\/","og_locale":"en_US","og_type":"article","og_title":"Our solutions","og_url":"https:\/\/cintech.ca\/en\/our-solutions\/","og_site_name":"Cintech","twitter_card":"summary_large_image","schema":{"@context":"https:\/\/schema.org","@graph":[{"@type":"WebPage","@id":"https:\/\/cintech.ca\/en\/our-solutions\/","url":"https:\/\/cintech.ca\/en\/our-solutions\/","name":"Our solutions - Cintech","isPartOf":{"@id":"https:\/\/cintech.ca\/en\/#website"},"datePublished":"2023-11-23T19:45:16+00:00","breadcrumb":{"@id":"https:\/\/cintech.ca\/en\/our-solutions\/#breadcrumb"},"inLanguage":"en-US","potentialAction":[{"@type":"ReadAction","target":["https:\/\/cintech.ca\/en\/our-solutions\/"]}]},{"@type":"BreadcrumbList","@id":"https:\/\/cintech.ca\/en\/our-solutions\/#breadcrumb","itemListElement":[{"@type":"ListItem","position":1,"name":"Accueil","item":"https:\/\/cintech.ca\/en\/home\/"},{"@type":"ListItem","position":2,"name":"Our solutions"}]},{"@type":"WebSite","@id":"https:\/\/cintech.ca\/en\/#website","url":"https:\/\/cintech.ca\/en\/","name":"Cintech","description":"G\u00e9n\u00e9rateur de progr\u00e8s","publisher":{"@id":"https:\/\/cintech.ca\/en\/#organization"},"potentialAction":[{"@type":"SearchAction","target":{"@type":"EntryPoint","urlTemplate":"https:\/\/cintech.ca\/en\/?s={search_term_string}"},"query-input":{"@type":"PropertyValueSpecification","valueRequired":true,"valueName":"search_term_string"}}],"inLanguage":"en-US"},{"@type":["Organization","Place"],"@id":"https:\/\/cintech.ca\/en\/#organization","name":"Cintech","url":"https:\/\/cintech.ca\/en\/","logo":{"@id":"https:\/\/cintech.ca\/en\/our-solutions\/#local-main-organization-logo"},"image":{"@id":"https:\/\/cintech.ca\/en\/our-solutions\/#local-main-organization-logo"},"sameAs":["https:\/\/www.linkedin.com\/company\/cintech-agroalimentaire"],"telephone":[],"openingHoursSpecification":[{"@type":"OpeningHoursSpecification","dayOfWeek":["Monday","Tuesday","Wednesday","Thursday","Friday","Saturday","Sunday"],"opens":"09:00","closes":"17:00"}]},{"@type":"ImageObject","inLanguage":"en-US","@id":"https:\/\/cintech.ca\/en\/our-solutions\/#local-main-organization-logo","url":"","contentUrl":"","caption":"Cintech"}]}},"_links":{"self":[{"href":"https:\/\/cintech.ca\/en\/wp-json\/wp\/v2\/pages\/2057","targetHints":{"allow":["GET"]}}],"collection":[{"href":"https:\/\/cintech.ca\/en\/wp-json\/wp\/v2\/pages"}],"about":[{"href":"https:\/\/cintech.ca\/en\/wp-json\/wp\/v2\/types\/page"}],"author":[{"embeddable":true,"href":"https:\/\/cintech.ca\/en\/wp-json\/wp\/v2\/users\/1"}],"replies":[{"embeddable":true,"href":"https:\/\/cintech.ca\/en\/wp-json\/wp\/v2\/comments?post=2057"}],"version-history":[{"count":0,"href":"https:\/\/cintech.ca\/en\/wp-json\/wp\/v2\/pages\/2057\/revisions"}],"wp:attachment":[{"href":"https:\/\/cintech.ca\/en\/wp-json\/wp\/v2\/media?parent=2057"}],"curies":[{"name":"wp","href":"https:\/\/api.w.org\/{rel}","templated":true}]}}